{"id":1565,"date":"2018-02-19T18:21:09","date_gmt":"2018-02-19T17:21:09","guid":{"rendered":"https:\/\/www.italy-travels.it\/?page_id=1565"},"modified":"2019-02-21T17:37:58","modified_gmt":"2019-02-21T16:37:58","slug":"faq","status":"publish","type":"page","link":"https:\/\/www.italy-travels.it\/fr\/faq\/","title":{"rendered":"FAQ"},"content":{"rendered":"<p>[et_pb_section bb_built=\u00a0\u00bb1&Prime; fullwidth=\u00a0\u00bbon\u00a0\u00bb _builder_version=\u00a0\u00bb3.0.83&Prime; next_background_color=\u00a0\u00bb#000000&Prime;][et_pb_fullwidth_slider _builder_version=\u00a0\u00bb3.0.83&Prime; header_font_size=\u00a0\u00bb54&Prime; box_shadow_style=\u00a0\u00bbpreset6&Prime; box_shadow_blur=\u00a0\u00bb10px\u00a0\u00bb box_shadow_color=\u00a0\u00bbrgba(0,0,0,0.1)\u00a0\u00bb show_inner_shadow=\u00a0\u00bbon\u00a0\u00bb box_shadow_horizontal=\u00a0\u00bb0px\u00a0\u00bb box_shadow_vertical=\u00a0\u00bb0px\u00a0\u00bb box_shadow_spread=\u00a0\u00bb0px\u00a0\u00bb box_shadow_position=\u00a0\u00bbinner\u00a0\u00bb button_text_size__hover_enabled=\u00a0\u00bboff\u00a0\u00bb button_text_size__hover=\u00a0\u00bbnull\u00a0\u00bb button_one_text_size__hover_enabled=\u00a0\u00bboff\u00a0\u00bb button_one_text_size__hover=\u00a0\u00bbnull\u00a0\u00bb button_two_text_size__hover_enabled=\u00a0\u00bboff\u00a0\u00bb button_two_text_size__hover=\u00a0\u00bbnull\u00a0\u00bb button_text_color__hover_enabled=\u00a0\u00bboff\u00a0\u00bb button_text_color__hover=\u00a0\u00bbnull\u00a0\u00bb button_one_text_color__hover_enabled=\u00a0\u00bboff\u00a0\u00bb button_one_text_color__hover=\u00a0\u00bbnull\u00a0\u00bb button_two_text_color__hover_enabled=\u00a0\u00bboff\u00a0\u00bb button_two_text_color__hover=\u00a0\u00bbnull\u00a0\u00bb button_border_width__hover_enabled=\u00a0\u00bboff\u00a0\u00bb button_border_width__hover=\u00a0\u00bbnull\u00a0\u00bb button_one_border_width__hover_enabled=\u00a0\u00bboff\u00a0\u00bb button_one_border_width__hover=\u00a0\u00bbnull\u00a0\u00bb button_two_border_width__hover_enabled=\u00a0\u00bboff\u00a0\u00bb button_two_border_width__hover=\u00a0\u00bbnull\u00a0\u00bb button_border_color__hover_enabled=\u00a0\u00bboff\u00a0\u00bb button_border_color__hover=\u00a0\u00bbnull\u00a0\u00bb button_one_border_color__hover_enabled=\u00a0\u00bboff\u00a0\u00bb button_one_border_color__hover=\u00a0\u00bbnull\u00a0\u00bb button_two_border_color__hover_enabled=\u00a0\u00bboff\u00a0\u00bb button_two_border_color__hover=\u00a0\u00bbnull\u00a0\u00bb button_border_radius__hover_enabled=\u00a0\u00bboff\u00a0\u00bb button_border_radius__hover=\u00a0\u00bbnull\u00a0\u00bb button_one_border_radius__hover_enabled=\u00a0\u00bboff\u00a0\u00bb button_one_border_radius__hover=\u00a0\u00bbnull\u00a0\u00bb button_two_border_radius__hover_enabled=\u00a0\u00bboff\u00a0\u00bb button_two_border_radius__hover=\u00a0\u00bbnull\u00a0\u00bb button_letter_spacing__hover_enabled=\u00a0\u00bboff\u00a0\u00bb button_letter_spacing__hover=\u00a0\u00bbnull\u00a0\u00bb button_one_letter_spacing__hover_enabled=\u00a0\u00bboff\u00a0\u00bb button_one_letter_spacing__hover=\u00a0\u00bbnull\u00a0\u00bb button_two_letter_spacing__hover_enabled=\u00a0\u00bboff\u00a0\u00bb button_two_letter_spacing__hover=\u00a0\u00bbnull\u00a0\u00bb button_bg_color__hover_enabled=\u00a0\u00bboff\u00a0\u00bb button_bg_color__hover=\u00a0\u00bbnull\u00a0\u00bb button_one_bg_color__hover_enabled=\u00a0\u00bboff\u00a0\u00bb button_one_bg_color__hover=\u00a0\u00bbnull\u00a0\u00bb button_two_bg_color__hover_enabled=\u00a0\u00bboff\u00a0\u00bb button_two_bg_color__hover=\u00a0\u00bbnull\u00a0\u00bb][et_pb_slide use_bg_overlay=\u00a0\u00bboff\u00a0\u00bb use_text_overlay=\u00a0\u00bboff\u00a0\u00bb _builder_version=\u00a0\u00bb3.0.83&Prime; header_level=\u00a0\u00bbh1&Prime; header_font=\u00a0\u00bb||||||||\u00a0\u00bb body_font=\u00a0\u00bb||||||||\u00a0\u00bb background_image=\u00a0\u00bbhttps:\/\/www.italy-travels.it\/wp-content\/uploads\/2017\/10\/colosseo.png\u00a0\u00bb custom_button=\u00a0\u00bboff\u00a0\u00bb button_icon_placement=\u00a0\u00bbright\u00a0\u00bb button_on_hover=\u00a0\u00bbon\u00a0\u00bb][\/et_pb_slide][\/et_pb_fullwidth_slider][\/et_pb_section][et_pb_section bb_built=\u00a0\u00bb1&Prime; _builder_version=\u00a0\u00bb3.0.47&Prime; prev_background_color=\u00a0\u00bb#000000&Prime; next_background_color=\u00a0\u00bb#000000&Prime;][et_pb_row _builder_version=\u00a0\u00bb3.0.83&Prime; module_alignment=\u00a0\u00bbcenter\u00a0\u00bb][et_pb_column type=\u00a0\u00bb4_4&Prime;][et_pb_text _builder_version=\u00a0\u00bb3.0.105&Prime; text_font_size_tablet=\u00a0\u00bb10px\u00a0\u00bb text_font_size_phone=\u00a0\u00bb7px\u00a0\u00bb text_font_size_last_edited=\u00a0\u00bbon|phone\u00a0\u00bb]<\/p>\n<h1>FAQ \u2013 R\u00c9SERVER AVEC ITALY TRAVELS<\/h1>\n<p>[\/et_pb_text][et_pb_toggle title=\u00a0\u00bbPourquoi est-il utile de r\u00e9server l\u2019entr\u00e9e \u00e0 un mus\u00e9e?\u00a0\u00bb closed_toggle_text_color=\u00a0\u00bb#000000&Prime; icon_color=\u00a0\u00bb#000000&Prime; _builder_version=\u00a0\u00bb3.0.105&Prime; title_font=\u00a0\u00bb|600|||||||\u00a0\u00bb text_orientation=\u00a0\u00bbleft\u00a0\u00bb]<\/p>\n<p>\nL\u2019avantage de r\u00e9server est que cela permet d\u2019\u00e9viter les files d\u2019attente \u00e0 l\u2019entr\u00e9e des mus\u00e9es, en allant directement \u00e0 la caisse des r\u00e9serv\u00e9s avec le bon et en \u00e9conomisant donc du temps qui peut \u00eatre consacr\u00e9 \u00e0 l\u2019int\u00e9rieur du mus\u00e9e.<\/p>\n<p>[\/et_pb_toggle][et_pb_toggle title=\u00a0\u00bbLe billet avec r\u00e9servation est-il plus cher?\u00a0\u00bb closed_toggle_text_color=\u00a0\u00bb#000000&Prime; icon_color=\u00a0\u00bb#000000&Prime; _builder_version=\u00a0\u00bb3.0.105&Prime; title_font=\u00a0\u00bb|600|||||||\u00a0\u00bb text_orientation=\u00a0\u00bbleft\u00a0\u00bb]<\/p>\n<p>\nOui le billet avec r\u00e9servation a un co\u00fbt plus \u00e9lev\u00e9 qui varie en fonction de la politique de prix du mus\u00e9e. Italy Travels applique une commission de r\u00e9servation en ligne qui varie de 2 \u00e0 5 euros par billet en fonction du mus\u00e9e.<\/p>\n<p>[\/et_pb_toggle][et_pb_toggle title=\u00a0\u00bbComment faire pour r\u00e9server?\u00a0\u00bb closed_toggle_text_color=\u00a0\u00bb#000000&Prime; icon_color=\u00a0\u00bb#000000&Prime; _builder_version=\u00a0\u00bb3.0.105&Prime; title_font=\u00a0\u00bb|600|||||||\u00a0\u00bb text_orientation=\u00a0\u00bbleft\u00a0\u00bb]<\/p>\n<p>\nIl est possible d\u2019effectuer une r\u00e9servation sur les sites d\u2019Italy Travels en s\u00e9lectionnant le mus\u00e9e que l\u2019on veut visiter et en choisissant donc la date et l\u2019heure, qui devront \u00eatre respect\u00e9es. La proc\u00e9dure de r\u00e9servation est simple et rapide et se fait en deux clics.<\/p>\n<p>[\/et_pb_toggle][et_pb_toggle title=\u00a0\u00bbEst-il possible de payer directement au mus\u00e9e?\u00a0\u00bb closed_toggle_text_color=\u00a0\u00bb#000000&Prime; icon_color=\u00a0\u00bb#000000&Prime; _builder_version=\u00a0\u00bb3.0.105&Prime; title_font=\u00a0\u00bb|600|||||||\u00a0\u00bb text_orientation=\u00a0\u00bbleft\u00a0\u00bb]<\/p>\n<p>\nNon. Le billet r\u00e9serv\u00e9 doit \u00eatre pr\u00e9pay\u00e9 au moment de la r\u00e9servation.<\/p>\n<p>[\/et_pb_toggle][et_pb_toggle title=\u00a0\u00bbQuelles sont les modalit\u00e9s de paiement?\u00a0\u00bb closed_toggle_text_color=\u00a0\u00bb#000000&Prime; icon_color=\u00a0\u00bb#000000&Prime; _builder_version=\u00a0\u00bb3.0.106&Prime; title_font=\u00a0\u00bb|600|||||||\u00a0\u00bb title_text_align=\u00a0\u00bbleft\u00a0\u00bb body_text_align=\u00a0\u00bbleft\u00a0\u00bb text_orientation=\u00a0\u00bbjustified\u00a0\u00bb open=\u00a0\u00bboff\u00a0\u00bb]<\/p>\n<div data-contents=\"true\">\n<div class=\"\" data-block=\"true\" data-editor=\"26b99\" data-offset-key=\"9e8i-0-0\">\n<div class=\"_1mf _1mj\" data-offset-key=\"ajkbq-0-0\"><span data-offset-key=\"ajkbq-0-0\">Oui. Il est toujours possible de nous \u00e9crire un mail ou de demander un second envoi, ou de nous appeler. Il est \u00e9galement possible de t\u00e9l\u00e9charger le bon \u00e0 chaque moment depuis l\u2019accueil du site web o\u00f9 a \u00e9t\u00e9 faite la r\u00e9servation en ins\u00e9rant le num\u00e9ro d\u2019ordre et l\u2019adresse email.<\/span><\/div>\n<\/div>\n<\/div>\n<p>[\/et_pb_toggle][et_pb_toggle title=\u00a0\u00bbQu\u2019est-ce que je re\u00e7ois apr\u00e8s la r\u00e9servation?\u00a0\u00bb closed_toggle_text_color=\u00a0\u00bb#000000&Prime; icon_color=\u00a0\u00bb#000000&Prime; _builder_version=\u00a0\u00bb3.0.105&Prime; title_font=\u00a0\u00bb|600|||||||\u00a0\u00bb text_orientation=\u00a0\u00bbleft\u00a0\u00bb]<\/p>\n<p>\nUne fois la proc\u00e9dure de r\u00e9servation en ligne termin\u00e9e, un premier mail vous sera envoy\u00e9 \u00e0 l\u2019adresse inscrite dans le formulaire de r\u00e9servation. Ceci repr\u00e9sente la copie de l\u2019ordre. Un deuxi\u00e8me mail arrivera contenant le bon. L\u2019envoi du bon n\u2019est pas automatique, un d\u00e9lai est n\u00e9cessaire pour travailler la demande, en g\u00e9n\u00e9ral quelques heures. Si la r\u00e9servation est effectu\u00e9e la nuit ou un jour feri\u00e9, le bon sera envoy\u00e9 le jour suivant.<\/p>\n<p>[\/et_pb_toggle][et_pb_toggle title=\u00a0\u00bbDois-je imprimer le bon ou puis-je le montrer sur un support mobile au mus\u00e9e ou au guide?\u00a0\u00bb closed_toggle_text_color=\u00a0\u00bb#000000&Prime; icon_color=\u00a0\u00bb#000000&Prime; _builder_version=\u00a0\u00bb3.0.106&Prime; title_font=\u00a0\u00bb|600|||||||\u00a0\u00bb text_orientation=\u00a0\u00bbleft\u00a0\u00bb open=\u00a0\u00bboff\u00a0\u00bb]<\/p>\n<p>\nLe bon doit toujours \u00eatre imprim\u00e9 sauf pour les mus\u00e9es d\u2019\u00e9tat de Florence, Galerie Borghese \u00f2 Rome et pour les tours guid\u00e9s de groupe ou priv\u00e9s. Dans tous ces cas il est suffisant de montrer le bon sur un support mobile.<\/p>\n<p>[\/et_pb_toggle][et_pb_toggle title=\u00a0\u00bbSi je perds le bon, puis-je le r\u00e9imprimer ou le redemander?\u00a0\u00bb closed_toggle_text_color=\u00a0\u00bb#000000&Prime; icon_color=\u00a0\u00bb#000000&Prime; _builder_version=\u00a0\u00bb3.0.105&Prime; title_font=\u00a0\u00bb|600|||||||\u00a0\u00bb body_text_align=\u00a0\u00bbleft\u00a0\u00bb text_orientation=\u00a0\u00bbleft\u00a0\u00bb]<\/p>\n<p>\nOui. Il est toujours possible de nous \u00e9crire un mail ou de demander un second envoi, ou de nous appeler. Il est \u00e9galement possible de t\u00e9l\u00e9charger le bon \u00e0 chaque moment depuis l\u2019accueil du site web o\u00f9 a \u00e9t\u00e9 faite la r\u00e9servation\u00a0 en ins\u00e9rany le num\u00e9ro d\u2019ordre et l\u2019adresse email.<\/p>\n<p>[\/et_pb_toggle][et_pb_toggle title=\u00a0\u00bbQuelles sont les diff\u00e9rentes modalit\u00e9s de visite d\u2019un mus\u00e9e?\u00a0\u00bb closed_toggle_text_color=\u00a0\u00bb#000000&Prime; icon_color=\u00a0\u00bb#000000&Prime; _builder_version=\u00a0\u00bb3.0.106&Prime; title_font=\u00a0\u00bb|600|||||||\u00a0\u00bb title_text_align=\u00a0\u00bbleft\u00a0\u00bb text_orientation=\u00a0\u00bbjustified\u00a0\u00bb]<\/p>\n<p>\nNous offrons diff\u00e9rentes modalit\u00e9s de visites: le billet d\u2019entr\u00e9e sans attente, le billet cumul\u00e9 avec l\u2019audioguide, la visite guid\u00e9e de groupe, la visite avec un guide priv\u00e9.<\/p>\n<p>[\/et_pb_toggle][et_pb_toggle title=\u00a0\u00bbQuelle diff\u00e9rence y a-t-il entre une visite de groupe et une visite priv\u00e9e?\u00a0\u00bb closed_toggle_text_color=\u00a0\u00bb#000000&Prime; icon_color=\u00a0\u00bb#000000&Prime; _builder_version=\u00a0\u00bb3.0.106&Prime; title_font=\u00a0\u00bb|600|||||||\u00a0\u00bb title_text_align=\u00a0\u00bbleft\u00a0\u00bb text_orientation=\u00a0\u00bbjustified\u00a0\u00bb open=\u00a0\u00bboff\u00a0\u00bb]<\/p>\n<p>\n<span data-offset-key=\"5t5ov-0-0\">En r\u00e9servant un tour guid\u00e9 de groupe, le visiteur adh\u00e8re \u00e0 un groupe d\u00e9j\u00e0 form\u00e9 et avec le groupe il visite le mus\u00e9e en \u00e9coutant l\u2019explication du guide. Si le groupe d\u00e9passe les 10 participants, chaque visiteur sera muni de radios pour b\u00e9n\u00e9ficier d\u2019une meilleure \u00e9coute du guide. Si en revanche il pr\u00e9f\u00e8re avoir l\u2019exclusivit\u00e9 du guide ou effectuer un tour avec des caract\u00e9ristiques personnalis\u00e9es (itin\u00e9raires th\u00e9matiques. parcours pour enfants, parcours pour handicap\u00e9s), il est possible de choisir un tour priv\u00e9 avec un guide personnel.<\/span><\/p>\n<p>[\/et_pb_toggle][et_pb_toggle title=\u00a0\u00bbQui sont les guides d\u2019Italy Travels?\u00a0\u00bb closed_toggle_text_color=\u00a0\u00bb#000000&Prime; icon_color=\u00a0\u00bb#000000&Prime; _builder_version=\u00a0\u00bb3.0.105&Prime; title_font=\u00a0\u00bb|600|||||||\u00a0\u00bb text_orientation=\u00a0\u00bbleft\u00a0\u00bb]<\/p>\n<p>\nLes guides touristiques d\u2019Italy Travels ont \u00e9t\u00e9 test\u00e9es et s\u00e9lectionn\u00e9es par notre bureau responsable de l\u2019organisation des itin\u00e9raires guid\u00e9s. Italy Travels a des rapports de collaboration multiples avec des centres de guide sp\u00e9cialis\u00e9s qui garantissent la couverture des services de guide m\u00eame en cas d\u2019impr\u00e9vu last minute. Nos guides sont toutes expertes dans les mati\u00e8res historico-artistiques, reguli\u00e8rement et massivement autoris\u00e9es par la province de la ville o\u00f9 il oeuvrent.<\/p>\n<p>[\/et_pb_toggle][et_pb_toggle title=\u00a0\u00bbComment puis-je contacter Italy Travels?\u00a0\u00bb closed_toggle_text_color=\u00a0\u00bb#000000&Prime; icon_color=\u00a0\u00bb#000000&Prime; _builder_version=\u00a0\u00bb3.0.105&Prime; title_font=\u00a0\u00bb|600|||||||\u00a0\u00bb title_text_align=\u00a0\u00bbleft\u00a0\u00bb text_orientation=\u00a0\u00bbjustified\u00a0\u00bb]<\/p>\n<p>\nVous pouvez nous envoyer un mail \u00e0 <a href=\"mailto:info@italy-travels.it\">info@italy-travels.it<\/a> ou nous contacter\u00a0 au +39 055 2670402. Notre service clients est actif du lundi au vendredi, de\u00a0 8,30 \u00e0 18,30. Le samedi de 8,30 \u00e0 16,30 et le dimanche de 9,00 \u00e0 15,00. Pendant cet horaire, est disponible aussi le service de chat en ligne,\u00a0 pour une assitance rapide en ligne pendant la navigation.<\/p>\n<p>[\/et_pb_toggle][et_pb_toggle title=\u00a0\u00bbLes jours feri\u00e9s puis-je contacter Italy Travels?\u00a0\u00bb closed_toggle_text_color=\u00a0\u00bb#000000&Prime; icon_color=\u00a0\u00bb#000000&Prime; _builder_version=\u00a0\u00bb3.0.105&Prime; title_font=\u00a0\u00bb|600|||||||\u00a0\u00bb title_text_align=\u00a0\u00bbleft\u00a0\u00bb text_orientation=\u00a0\u00bbjustified\u00a0\u00bb]<\/p>\n<p>\nItaly Travels est toujours ouvert sauf le 25 d\u00e9cembre et le 1 janvier, jours pendant lesquels les mus\u00e9es sont ferm\u00e9s et ne sont pas disponibles des tours guid\u00e9s. Pendant ces deux jours l\u2019assistance est garantie juste par email.<\/p>\n<p>Pendant les autres jours feri\u00e9s du calendrier, nos bureaux sont ouverts avec un horaire r\u00e9duit en fonction du type de festivit\u00e9.<\/p>\n<p>[\/et_pb_toggle][\/et_pb_column][\/et_pb_row][\/et_pb_section][et_pb_section bb_built=\u00a0\u00bb1&Prime; _builder_version=\u00a0\u00bb3.0.83&Prime; background_color=\u00a0\u00bb#000000&Prime; global_module=\u00a0\u00bb3926&Prime; prev_background_color=\u00a0\u00bb#ffffff\u00a0\u00bb][et_pb_row global_parent=\u00a0\u00bb3926&Prime; _builder_version=\u00a0\u00bb3.0.47&Prime; background_size=\u00a0\u00bbinitial\u00a0\u00bb background_position=\u00a0\u00bbtop_left\u00a0\u00bb background_repeat=\u00a0\u00bbrepeat\u00a0\u00bb][et_pb_column type=\u00a0\u00bb1_2&Prime;][et_pb_text global_parent=\u00a0\u00bb3926&Prime; _builder_version=\u00a0\u00bb3.0.106&Prime; background_layout=\u00a0\u00bbdark\u00a0\u00bb module_alignment=\u00a0\u00bbcenter\u00a0\u00bb]<\/p>\n<h4><strong>Italy Travels S.r.l. &#8211; <\/strong><strong>TOUR operatorR<\/strong><\/h4>\n<p>P.IVA 06134820486 | Via de&rsquo; Ginori 9, 50123 &#8211; Florence | Tel. +39 055 2670402 | E-mail:<span style=\"color: #e2007a;\"><a href=\"mailto:info@italy-travels.it\"> info@italy-travels.it \u00a0@italytravels1<\/a><\/span><\/p>\n<p>[\/et_pb_text][\/et_pb_column][et_pb_column type=\u00a0\u00bb1_4&Prime;][et_pb_image global_parent=\u00a0\u00bb3926&Prime; src=\u00a0\u00bbhttps:\/\/www.italy-travels.it\/wp-content\/uploads\/2019\/02\/Logo-cousine-bianco-nuovo.png\u00a0\u00bb _builder_version=\u00a0\u00bb3.19.15&Prime; url=\u00a0\u00bbhttp:\/\/www.italy-travels-cuisine.it\/\u00a0\u00bb url_new_window=\u00a0\u00bbon\u00a0\u00bb \/][\/et_pb_column][et_pb_column type=\u00a0\u00bb1_4&Prime;][et_pb_text global_parent=\u00a0\u00bb3926&Prime; _builder_version=\u00a0\u00bb3.0.105&Prime; background_layout=\u00a0\u00bbdark\u00a0\u00bb module_alignment=\u00a0\u00bbcenter\u00a0\u00bb]<\/p>\n<h4><strong>Suivez-nous sur<\/strong><\/h4>\n<p>[\/et_pb_text][et_pb_social_media_follow global_parent=\u00a0\u00bb3926&Prime; url_new_window=\u00a0\u00bboff\u00a0\u00bb _builder_version=\u00a0\u00bb3.0.89&Prime; text_orientation=\u00a0\u00bbleft\u00a0\u00bb background_layout=\u00a0\u00bbdark\u00a0\u00bb link_shape=\u00a0\u00bbcircle\u00a0\u00bb][et_pb_social_media_follow_network social_network=\u00a0\u00bbfacebook\u00a0\u00bb url=\u00a0\u00bbhttps:\/\/www.facebook.com\/ticketsrome\/\u00a0\u00bb _builder_version=\u00a0\u00bb3.0.89&Prime; link_shape=\u00a0\u00bbcircle\u00a0\u00bb follow_button=\u00a0\u00bboff\u00a0\u00bb url_new_window=\u00a0\u00bboff\u00a0\u00bb]Facebook<br \/>[\/et_pb_social_media_follow_network][et_pb_social_media_follow_network social_network=\u00a0\u00bbinstagram\u00a0\u00bb url=\u00a0\u00bbhttps:\/\/www.instagram.com\/italytravels1\/\u00a0\u00bb _builder_version=\u00a0\u00bb3.0.89&Prime; link_shape=\u00a0\u00bbcircle\u00a0\u00bb follow_button=\u00a0\u00bboff\u00a0\u00bb url_new_window=\u00a0\u00bboff\u00a0\u00bb]Instagram<br \/>[\/et_pb_social_media_follow_network][et_pb_social_media_follow_network social_network=\u00a0\u00bbtwitter\u00a0\u00bb url=\u00a0\u00bbhttps:\/\/twitter.com\/italytravels2&Prime; _builder_version=\u00a0\u00bb3.0.89&Prime; link_shape=\u00a0\u00bbcircle\u00a0\u00bb follow_button=\u00a0\u00bboff\u00a0\u00bb url_new_window=\u00a0\u00bboff\u00a0\u00bb]Twitter<br \/>[\/et_pb_social_media_follow_network][et_pb_social_media_follow_network social_network=\u00a0\u00bbgoogle-plus\u00a0\u00bb url=\u00a0\u00bbhttps:\/\/plus.google.com\/collection\/AzgdPE?hl=it\u00a0\u00bb _builder_version=\u00a0\u00bb3.0.89&Prime; link_shape=\u00a0\u00bbcircle\u00a0\u00bb follow_button=\u00a0\u00bboff\u00a0\u00bb url_new_window=\u00a0\u00bboff\u00a0\u00bb]Google+<br \/>[\/et_pb_social_media_follow_network][et_pb_social_media_follow_network social_network=\u00a0\u00bbpinterest\u00a0\u00bb url=\u00a0\u00bbhttps:\/\/it.pinterest.com\/Italytravels1\/\u00a0\u00bb _builder_version=\u00a0\u00bb3.0.89&Prime; link_shape=\u00a0\u00bbcircle\u00a0\u00bb follow_button=\u00a0\u00bboff\u00a0\u00bb url_new_window=\u00a0\u00bboff\u00a0\u00bb]Pinterest<br \/>[\/et_pb_social_media_follow_network][\/et_pb_social_media_follow][\/et_pb_column][\/et_pb_row][\/et_pb_section]<\/p>\n","protected":false},"excerpt":{"rendered":"<p>FAQ \u2013 R\u00c9SERVER AVEC ITALY TRAVELS L\u2019avantage de r\u00e9server est que cela permet d\u2019\u00e9viter les files d\u2019attente \u00e0 l\u2019entr\u00e9e des mus\u00e9es, en allant directement \u00e0 la caisse des r\u00e9serv\u00e9s avec le bon et en \u00e9conomisant donc du temps qui peut \u00eatre consacr\u00e9 \u00e0 l\u2019int\u00e9rieur du mus\u00e9e. Oui le billet avec r\u00e9servation a un co\u00fbt plus [&hellip;]<\/p>\n","protected":false},"author":1,"featured_media":0,"parent":0,"menu_order":0,"comment_status":"closed","ping_status":"closed","template":"","meta":{"_et_pb_use_builder":"on","_et_pb_old_content":"","_et_gb_content_width":"","footnotes":""},"class_list":["post-1565","page","type-page","status-publish","hentry"],"yoast_head":"<!-- This site is optimized with the Yoast SEO plugin v25.6 - https:\/\/yoast.com\/wordpress\/plugins\/seo\/ -->\n<title>FAQ - Italy Travels<\/title>\n<meta name=\"robots\" content=\"index, follow, max-snippet:-1, max-image-preview:large, max-video-preview:-1\" \/>\n<link rel=\"canonical\" href=\"https:\/\/www.italy-travels.it\/fr\/faq\/\" \/>\n<meta property=\"og:locale\" content=\"fr_FR\" \/>\n<meta property=\"og:type\" content=\"article\" \/>\n<meta property=\"og:title\" content=\"FAQ - Italy Travels\" \/>\n<meta property=\"og:description\" content=\"FAQ \u2013 R\u00c9SERVER AVEC ITALY TRAVELS L\u2019avantage de r\u00e9server est que cela permet d\u2019\u00e9viter les files d\u2019attente \u00e0 l\u2019entr\u00e9e des mus\u00e9es, en allant directement \u00e0 la caisse des r\u00e9serv\u00e9s avec le bon et en \u00e9conomisant donc du temps qui peut \u00eatre consacr\u00e9 \u00e0 l\u2019int\u00e9rieur du mus\u00e9e. Oui le billet avec r\u00e9servation a un co\u00fbt plus [&hellip;]\" \/>\n<meta property=\"og:url\" content=\"https:\/\/www.italy-travels.it\/fr\/faq\/\" \/>\n<meta property=\"og:site_name\" content=\"Italy Travels\" \/>\n<meta property=\"article:modified_time\" content=\"2019-02-21T16:37:58+00:00\" \/>\n<meta name=\"twitter:card\" content=\"summary_large_image\" \/>\n<meta name=\"twitter:label1\" content=\"Dur\u00e9e de lecture estim\u00e9e\" \/>\n\t<meta name=\"twitter:data1\" content=\"10 minutes\" \/>\n<script type=\"application\/ld+json\" class=\"yoast-schema-graph\">{\"@context\":\"https:\/\/schema.org\",\"@graph\":[{\"@type\":\"WebPage\",\"@id\":\"https:\/\/www.italy-travels.it\/fr\/faq\/\",\"url\":\"https:\/\/www.italy-travels.it\/fr\/faq\/\",\"name\":\"FAQ - Italy Travels\",\"isPartOf\":{\"@id\":\"https:\/\/www.italy-travels.it\/fr\/#website\"},\"datePublished\":\"2018-02-19T17:21:09+00:00\",\"dateModified\":\"2019-02-21T16:37:58+00:00\",\"breadcrumb\":{\"@id\":\"https:\/\/www.italy-travels.it\/fr\/faq\/#breadcrumb\"},\"inLanguage\":\"fr-FR\",\"potentialAction\":[{\"@type\":\"ReadAction\",\"target\":[\"https:\/\/www.italy-travels.it\/fr\/faq\/\"]}]},{\"@type\":\"BreadcrumbList\",\"@id\":\"https:\/\/www.italy-travels.it\/fr\/faq\/#breadcrumb\",\"itemListElement\":[{\"@type\":\"ListItem\",\"position\":1,\"name\":\"Home\",\"item\":\"https:\/\/www.italy-travels.it\/fr\/\"},{\"@type\":\"ListItem\",\"position\":2,\"name\":\"FAQ\"}]},{\"@type\":\"WebSite\",\"@id\":\"https:\/\/www.italy-travels.it\/fr\/#website\",\"url\":\"https:\/\/www.italy-travels.it\/fr\/\",\"name\":\"Italy Travels\",\"description\":\"Tour operatorr\",\"potentialAction\":[{\"@type\":\"SearchAction\",\"target\":{\"@type\":\"EntryPoint\",\"urlTemplate\":\"https:\/\/www.italy-travels.it\/fr\/?s={search_term_string}\"},\"query-input\":{\"@type\":\"PropertyValueSpecification\",\"valueRequired\":true,\"valueName\":\"search_term_string\"}}],\"inLanguage\":\"fr-FR\"}]}<\/script>\n<!-- \/ Yoast SEO plugin. -->","yoast_head_json":{"title":"FAQ - Italy Travels","robots":{"index":"index","follow":"follow","max-snippet":"max-snippet:-1","max-image-preview":"max-image-preview:large","max-video-preview":"max-video-preview:-1"},"canonical":"https:\/\/www.italy-travels.it\/fr\/faq\/","og_locale":"fr_FR","og_type":"article","og_title":"FAQ - Italy Travels","og_description":"FAQ \u2013 R\u00c9SERVER AVEC ITALY TRAVELS L\u2019avantage de r\u00e9server est que cela permet d\u2019\u00e9viter les files d\u2019attente \u00e0 l\u2019entr\u00e9e des mus\u00e9es, en allant directement \u00e0 la caisse des r\u00e9serv\u00e9s avec le bon et en \u00e9conomisant donc du temps qui peut \u00eatre consacr\u00e9 \u00e0 l\u2019int\u00e9rieur du mus\u00e9e. Oui le billet avec r\u00e9servation a un co\u00fbt plus [&hellip;]","og_url":"https:\/\/www.italy-travels.it\/fr\/faq\/","og_site_name":"Italy Travels","article_modified_time":"2019-02-21T16:37:58+00:00","twitter_card":"summary_large_image","twitter_misc":{"Dur\u00e9e de lecture estim\u00e9e":"10 minutes"},"schema":{"@context":"https:\/\/schema.org","@graph":[{"@type":"WebPage","@id":"https:\/\/www.italy-travels.it\/fr\/faq\/","url":"https:\/\/www.italy-travels.it\/fr\/faq\/","name":"FAQ - Italy Travels","isPartOf":{"@id":"https:\/\/www.italy-travels.it\/fr\/#website"},"datePublished":"2018-02-19T17:21:09+00:00","dateModified":"2019-02-21T16:37:58+00:00","breadcrumb":{"@id":"https:\/\/www.italy-travels.it\/fr\/faq\/#breadcrumb"},"inLanguage":"fr-FR","potentialAction":[{"@type":"ReadAction","target":["https:\/\/www.italy-travels.it\/fr\/faq\/"]}]},{"@type":"BreadcrumbList","@id":"https:\/\/www.italy-travels.it\/fr\/faq\/#breadcrumb","itemListElement":[{"@type":"ListItem","position":1,"name":"Home","item":"https:\/\/www.italy-travels.it\/fr\/"},{"@type":"ListItem","position":2,"name":"FAQ"}]},{"@type":"WebSite","@id":"https:\/\/www.italy-travels.it\/fr\/#website","url":"https:\/\/www.italy-travels.it\/fr\/","name":"Italy Travels","description":"Tour operatorr","potentialAction":[{"@type":"SearchAction","target":{"@type":"EntryPoint","urlTemplate":"https:\/\/www.italy-travels.it\/fr\/?s={search_term_string}"},"query-input":{"@type":"PropertyValueSpecification","valueRequired":true,"valueName":"search_term_string"}}],"inLanguage":"fr-FR"}]}},"_links":{"self":[{"href":"https:\/\/www.italy-travels.it\/fr\/wp-json\/wp\/v2\/pages\/1565"}],"collection":[{"href":"https:\/\/www.italy-travels.it\/fr\/wp-json\/wp\/v2\/pages"}],"about":[{"href":"https:\/\/www.italy-travels.it\/fr\/wp-json\/wp\/v2\/types\/page"}],"author":[{"embeddable":true,"href":"https:\/\/www.italy-travels.it\/fr\/wp-json\/wp\/v2\/users\/1"}],"replies":[{"embeddable":true,"href":"https:\/\/www.italy-travels.it\/fr\/wp-json\/wp\/v2\/comments?post=1565"}],"version-history":[{"count":9,"href":"https:\/\/www.italy-travels.it\/fr\/wp-json\/wp\/v2\/pages\/1565\/revisions"}],"predecessor-version":[{"id":3971,"href":"https:\/\/www.italy-travels.it\/fr\/wp-json\/wp\/v2\/pages\/1565\/revisions\/3971"}],"wp:attachment":[{"href":"https:\/\/www.italy-travels.it\/fr\/wp-json\/wp\/v2\/media?parent=1565"}],"curies":[{"name":"wp","href":"https:\/\/api.w.org\/{rel}","templated":true}]}}