{"id":1537,"date":"2018-02-19T18:17:32","date_gmt":"2018-02-19T17:17:32","guid":{"rendered":"https:\/\/www.italy-travels.it\/?page_id=1537"},"modified":"2020-03-03T09:33:31","modified_gmt":"2020-03-03T08:33:31","slug":"on-est-qui","status":"publish","type":"page","link":"https:\/\/www.italy-travels.it\/fr\/on-est-qui\/","title":{"rendered":"ON EST QUI"},"content":{"rendered":"<p>[et_pb_section fb_built=\u00a0\u00bb1&Prime; fullwidth=\u00a0\u00bbon\u00a0\u00bb _builder_version=\u00a0\u00bb3.22&Prime;][et_pb_fullwidth_slider _builder_version=\u00a0\u00bb3.16&Prime; header_level=\u00a0\u00bbh1&Prime; header_font=\u00a0\u00bbPlayfair Display||on||||||\u00a0\u00bb box_shadow_style=\u00a0\u00bbpreset6&Prime; box_shadow_blur=\u00a0\u00bb10px\u00a0\u00bb box_shadow_color=\u00a0\u00bbrgba(0,0,0,0.1)\u00a0\u00bb show_inner_shadow=\u00a0\u00bbon\u00a0\u00bb button_text_size__hover_enabled=\u00a0\u00bboff\u00a0\u00bb button_one_text_size__hover_enabled=\u00a0\u00bboff\u00a0\u00bb button_two_text_size__hover_enabled=\u00a0\u00bboff\u00a0\u00bb button_text_color__hover_enabled=\u00a0\u00bboff\u00a0\u00bb button_one_text_color__hover_enabled=\u00a0\u00bboff\u00a0\u00bb button_two_text_color__hover_enabled=\u00a0\u00bboff\u00a0\u00bb button_border_width__hover_enabled=\u00a0\u00bboff\u00a0\u00bb button_one_border_width__hover_enabled=\u00a0\u00bboff\u00a0\u00bb button_two_border_width__hover_enabled=\u00a0\u00bboff\u00a0\u00bb button_border_color__hover_enabled=\u00a0\u00bboff\u00a0\u00bb button_one_border_color__hover_enabled=\u00a0\u00bboff\u00a0\u00bb button_two_border_color__hover_enabled=\u00a0\u00bboff\u00a0\u00bb button_border_radius__hover_enabled=\u00a0\u00bboff\u00a0\u00bb button_one_border_radius__hover_enabled=\u00a0\u00bboff\u00a0\u00bb button_two_border_radius__hover_enabled=\u00a0\u00bboff\u00a0\u00bb button_letter_spacing__hover_enabled=\u00a0\u00bboff\u00a0\u00bb button_one_letter_spacing__hover_enabled=\u00a0\u00bboff\u00a0\u00bb button_two_letter_spacing__hover_enabled=\u00a0\u00bboff\u00a0\u00bb button_bg_color__hover_enabled=\u00a0\u00bboff\u00a0\u00bb button_one_bg_color__hover_enabled=\u00a0\u00bboff\u00a0\u00bb button_two_bg_color__hover_enabled=\u00a0\u00bboff\u00a0\u00bb][et_pb_slide heading=\u00a0\u00bbSi\u00e8ge historique Italy Travels, Palais Barbolani Florence\u00a0\u00bb use_bg_overlay=\u00a0\u00bboff\u00a0\u00bb use_text_overlay=\u00a0\u00bboff\u00a0\u00bb _builder_version=\u00a0\u00bb3.16&Prime; header_level=\u00a0\u00bbh1&Prime; header_font=\u00a0\u00bb||||\u00a0\u00bb body_font=\u00a0\u00bb|600|||||||\u00a0\u00bb background_color=\u00a0\u00bb#ffffff\u00a0\u00bb background_image=\u00a0\u00bbhttps:\/\/www.italy-travels.it\/wp-content\/uploads\/2017\/10\/SLIDE2-1.jpg\u00a0\u00bb button_icon_placement=\u00a0\u00bbright\u00a0\u00bb button_on_hover=\u00a0\u00bbon\u00a0\u00bb text_orientation=\u00a0\u00bbcenter\u00a0\u00bb button_text_size__hover_enabled=\u00a0\u00bboff\u00a0\u00bb button_one_text_size__hover_enabled=\u00a0\u00bboff\u00a0\u00bb button_two_text_size__hover_enabled=\u00a0\u00bboff\u00a0\u00bb button_text_color__hover_enabled=\u00a0\u00bboff\u00a0\u00bb button_one_text_color__hover_enabled=\u00a0\u00bboff\u00a0\u00bb button_two_text_color__hover_enabled=\u00a0\u00bboff\u00a0\u00bb button_border_width__hover_enabled=\u00a0\u00bboff\u00a0\u00bb button_one_border_width__hover_enabled=\u00a0\u00bboff\u00a0\u00bb button_two_border_width__hover_enabled=\u00a0\u00bboff\u00a0\u00bb button_border_color__hover_enabled=\u00a0\u00bboff\u00a0\u00bb button_one_border_color__hover_enabled=\u00a0\u00bboff\u00a0\u00bb button_two_border_color__hover_enabled=\u00a0\u00bboff\u00a0\u00bb button_border_radius__hover_enabled=\u00a0\u00bboff\u00a0\u00bb button_one_border_radius__hover_enabled=\u00a0\u00bboff\u00a0\u00bb button_two_border_radius__hover_enabled=\u00a0\u00bboff\u00a0\u00bb button_letter_spacing__hover_enabled=\u00a0\u00bboff\u00a0\u00bb button_one_letter_spacing__hover_enabled=\u00a0\u00bboff\u00a0\u00bb button_two_letter_spacing__hover_enabled=\u00a0\u00bboff\u00a0\u00bb button_bg_color__hover_enabled=\u00a0\u00bboff\u00a0\u00bb button_one_bg_color__hover_enabled=\u00a0\u00bboff\u00a0\u00bb button_two_bg_color__hover_enabled=\u00a0\u00bboff\u00a0\u00bb][\/et_pb_slide][\/et_pb_fullwidth_slider][\/et_pb_section][et_pb_section fb_built=\u00a0\u00bb1&Prime; _builder_version=\u00a0\u00bb3.22&Prime;][et_pb_row _builder_version=\u00a0\u00bb3.25&Prime;][et_pb_column type=\u00a0\u00bb4_4&Prime; _builder_version=\u00a0\u00bb3.25&Prime; custom_padding=\u00a0\u00bb|||\u00a0\u00bb custom_padding__hover=\u00a0\u00bb|||\u00a0\u00bb][et_pb_text _builder_version=\u00a0\u00bb3.27.4&Prime; text_orientation=\u00a0\u00bbjustified\u00a0\u00bb module_alignment=\u00a0\u00bbleft\u00a0\u00bb]<\/p>\n<div>\n<h1>ITALY TRAVELS<\/h1>\n<p>Italy Travels est un Tour operatorr autoris\u00e9 par la Chambre de Commerce de Florence, num\u00e9ro de <strong>P.Iva. 06134820486<\/strong>, enregistrement n. <strong>FI 303283<\/strong>, d\u2019apr\u00e8s les lois et les normes italiennes et europ\u00e9ennes.<\/p>\n<p>Italy Travels offre:<\/p>\n<ul>\n<li>des centaines d\u2019itin\u00e9raires incluses les visites culturelles et un vaste choix d\u2019excursions en plus;<\/li>\n<li>diff\u00e9rents types de voyages et voyages d\u2019int\u00e9r\u00eats sp\u00e9cifiques pour r\u00e9pondre aux besoins de tous nos clients;<\/li>\n<li>acc\u00e8s r\u00e9serv\u00e9 (sans attente) pour visiter les lieux touristiques et les mus\u00e9es les plus importants;<\/li>\n<li>visites dans les localit\u00e9s les plus importantes et dignes d\u2019int\u00e9r\u00eat;<\/li>\n<li>accompagnateurs touristiques et guides professionnels et experts capables de partager avec nos clients leurs connaissances et leur savoir pour rendre l\u2019exp\u00e9rience de voyage inoubliable et de la vivre de l\u2019int\u00e9rieur comme un habitant local.<\/li>\n<\/ul>\n<\/div>\n<p>[\/et_pb_text][et_pb_divider show_divider=\u00a0\u00bboff\u00a0\u00bb _builder_version=\u00a0\u00bb3.23.4&Prime; height=\u00a0\u00bb2px\u00a0\u00bb]<br \/>\n[\/et_pb_divider][\/et_pb_column][\/et_pb_row][et_pb_row _builder_version=\u00a0\u00bb3.25&Prime; background_size=\u00a0\u00bbinitial\u00a0\u00bb background_position=\u00a0\u00bbtop_left\u00a0\u00bb background_repeat=\u00a0\u00bbrepeat\u00a0\u00bb column_structure=\u00a0\u00bb2_3,1_3&Prime;][et_pb_column type=\u00a0\u00bb2_3&Prime; _builder_version=\u00a0\u00bb3.25&Prime; custom_padding=\u00a0\u00bb|||\u00a0\u00bb custom_padding__hover=\u00a0\u00bb|||\u00a0\u00bb][et_pb_text _builder_version=\u00a0\u00bb3.27.4&Prime; text_orientation=\u00a0\u00bbjustified\u00a0\u00bb module_alignment=\u00a0\u00bbjustified\u00a0\u00bb]<\/p>\n<h1>Copyrights<\/h1>\n<p>Tous les contenus du site <a href=\"https:\/\/www.italy-travels.it\/\">www.italy-travels.it<\/a>,\u00a0 mise en page et design inclus, sont prot\u00e9g\u00e9s par des droits d\u2019auteurs en fonction des lois italiennes et europ\u00e9ennes et ne peuvent pas \u00eatre copi\u00e9es ou imit\u00e9es m\u00eame partiellement. Italy Travels ne sera pas responsable pour les contenus de son site internet en dehors des champs du site <a href=\"https:\/\/www.italy-travels.it\/\">www.italy-travels.it<\/a> et des contenus des liens des sites internet en dehors des champs du m\u00eame nom.<\/p>\n<p>[\/et_pb_text][\/et_pb_column][et_pb_column type=\u00a0\u00bb1_3&Prime; _builder_version=\u00a0\u00bb3.25&Prime; custom_padding=\u00a0\u00bb|||\u00a0\u00bb custom_padding__hover=\u00a0\u00bb|||\u00a0\u00bb][et_pb_text _builder_version=\u00a0\u00bb4.3.4&Prime; text_orientation=\u00a0\u00bbjustified\u00a0\u00bb module_alignment=\u00a0\u00bbleft\u00a0\u00bb hover_enabled=\u00a0\u00bb0&Prime;]<\/p>\n<p>Copyright \u00a9 Italy Travels s.r.l.<br \/> Via Livorno, 54\/2 &#8211; 50142 Florence &#8211; Italie<br \/> Tous droits r\u00e9serv\u00e9s<\/p>\n<p>Si\u00e8ge et r\u00e9servations: Italy Travels Srl<br \/> Via Livorno, 54\/2 &#8211; 50142 Florence &#8211; Italie<br \/> Tel.\u00a0<a href=\"tel:+390555321180\">+39 055 5321180<\/a><br \/> E-mail: <a href=\"mailto:info@italy-travels.it\">info@italy-travels.it<br \/> <\/a>\u00a0<a href=\"http:\/\/@italytravels1\">@italytravels1<\/a>\u00a0\u00a0<a href=\"mailto:info@italy-travels.it\"><br \/> <\/a><\/p>\n<p>[\/et_pb_text][\/et_pb_column][\/et_pb_row][\/et_pb_section][et_pb_section fb_built=\u00a0\u00bb1&Prime; _builder_version=\u00a0\u00bb3.0.83&Prime; background_color=\u00a0\u00bb#000000&Prime; global_module=\u00a0\u00bb3926&Prime; saved_tabs=\u00a0\u00bball\u00a0\u00bb][et_pb_row column_structure=\u00a0\u00bb1_2,1_4,1_4&Prime; _builder_version=\u00a0\u00bb3.25&Prime; background_size=\u00a0\u00bbinitial\u00a0\u00bb background_position=\u00a0\u00bbtop_left\u00a0\u00bb background_repeat=\u00a0\u00bbrepeat\u00a0\u00bb][et_pb_column type=\u00a0\u00bb1_2&Prime; _builder_version=\u00a0\u00bb3.0.47&Prime; custom_padding=\u00a0\u00bb|||\u00a0\u00bb custom_padding__hover=\u00a0\u00bb|||\u00a0\u00bb][et_pb_text _builder_version=\u00a0\u00bb4.3.4&Prime; background_layout=\u00a0\u00bbdark\u00a0\u00bb module_alignment=\u00a0\u00bbcenter\u00a0\u00bb]<\/p>\n<h4><strong>Italy Travels S.r.l. &#8211; <\/strong><strong>TOUR operatorR<\/strong><\/h4>\n<p>P.IVA 06134820486 |Via Livorno, 54\/2 &#8211; 50142 Florence &#8211; Italy<br \/>Tel. +39 055 5321180 | E-mail:<span style=\"color: #e2007a;\"><a href=\"mailto:info@italy-travels.it\"> info@italy-travels.it \u00a0@italytravels1<\/a><\/span><\/p>\n<p>[\/et_pb_text][\/et_pb_column][et_pb_column type=\u00a0\u00bb1_4&Prime; _builder_version=\u00a0\u00bb3.0.47&Prime; custom_padding=\u00a0\u00bb|||\u00a0\u00bb custom_padding__hover=\u00a0\u00bb|||\u00a0\u00bb][et_pb_image src=\u00a0\u00bbhttps:\/\/www.italy-travels.it\/wp-content\/uploads\/2019\/02\/Logo-cousine-bianco-nuovo.png\u00a0\u00bb url=\u00a0\u00bbhttp:\/\/www.italy-travels-cuisine.it\/\u00a0\u00bb url_new_window=\u00a0\u00bbon\u00a0\u00bb align_tablet=\u00a0\u00bbcenter\u00a0\u00bb align_phone=\u00a0\u00bb\u00a0\u00bb align_last_edited=\u00a0\u00bbon|desktop\u00a0\u00bb _builder_version=\u00a0\u00bb3.23&Prime;][\/et_pb_image][\/et_pb_column][et_pb_column type=\u00a0\u00bb1_4&Prime; _builder_version=\u00a0\u00bb3.0.47&Prime; custom_padding=\u00a0\u00bb|||\u00a0\u00bb custom_padding__hover=\u00a0\u00bb|||\u00a0\u00bb][et_pb_text _builder_version=\u00a0\u00bb3.27.4&Prime; background_layout=\u00a0\u00bbdark\u00a0\u00bb module_alignment=\u00a0\u00bbcenter\u00a0\u00bb]<\/p>\n<h4><strong>Suivez-nous sur<\/strong><\/h4>\n<p>[\/et_pb_text][et_pb_social_media_follow url_new_window=\u00a0\u00bboff\u00a0\u00bb _builder_version=\u00a0\u00bb4.3.4&Prime; text_orientation=\u00a0\u00bbleft\u00a0\u00bb background_layout=\u00a0\u00bbdark\u00a0\u00bb link_shape=\u00a0\u00bbcircle\u00a0\u00bb][et_pb_social_media_follow_network social_network=\u00a0\u00bbfacebook\u00a0\u00bb url=\u00a0\u00bbhttps:\/\/www.facebook.com\/ticketsrome\/\u00a0\u00bb _builder_version=\u00a0\u00bb3.0.89&Prime; link_shape=\u00a0\u00bbcircle\u00a0\u00bb follow_button=\u00a0\u00bboff\u00a0\u00bb url_new_window=\u00a0\u00bboff\u00a0\u00bb]Facebook[\/et_pb_social_media_follow_network][et_pb_social_media_follow_network social_network=\u00a0\u00bbinstagram\u00a0\u00bb url=\u00a0\u00bbhttps:\/\/www.instagram.com\/italytravels1\/\u00a0\u00bb _builder_version=\u00a0\u00bb3.0.89&Prime; link_shape=\u00a0\u00bbcircle\u00a0\u00bb follow_button=\u00a0\u00bboff\u00a0\u00bb url_new_window=\u00a0\u00bboff\u00a0\u00bb]Instagram[\/et_pb_social_media_follow_network][et_pb_social_media_follow_network social_network=\u00a0\u00bbtwitter\u00a0\u00bb url=\u00a0\u00bbhttps:\/\/twitter.com\/italytravels2&Prime; _builder_version=\u00a0\u00bb3.0.89&Prime; link_shape=\u00a0\u00bbcircle\u00a0\u00bb follow_button=\u00a0\u00bboff\u00a0\u00bb url_new_window=\u00a0\u00bboff\u00a0\u00bb]Twitter[\/et_pb_social_media_follow_network][et_pb_social_media_follow_network social_network=\u00a0\u00bbpinterest\u00a0\u00bb url=\u00a0\u00bbhttps:\/\/it.pinterest.com\/Italytravels1\/\u00a0\u00bb _builder_version=\u00a0\u00bb3.0.89&Prime; link_shape=\u00a0\u00bbcircle\u00a0\u00bb follow_button=\u00a0\u00bboff\u00a0\u00bb url_new_window=\u00a0\u00bboff\u00a0\u00bb]Pinterest[\/et_pb_social_media_follow_network][\/et_pb_social_media_follow][\/et_pb_column][\/et_pb_row][\/et_pb_section]<\/p>\n","protected":false},"excerpt":{"rendered":"<p>ITALY TRAVELS Italy Travels est un Tour operatorr autoris\u00e9 par la Chambre de Commerce de Florence, num\u00e9ro de P.Iva. 06134820486, enregistrement n. FI 303283, d\u2019apr\u00e8s les lois et les normes italiennes et europ\u00e9ennes. Italy Travels offre: des centaines d\u2019itin\u00e9raires incluses les visites culturelles et un vaste choix d\u2019excursions en plus; diff\u00e9rents types de voyages et [&hellip;]<\/p>\n","protected":false},"author":1,"featured_media":0,"parent":0,"menu_order":0,"comment_status":"closed","ping_status":"closed","template":"","meta":{"_et_pb_use_builder":"on","_et_pb_old_content":"","_et_gb_content_width":"","footnotes":""},"class_list":["post-1537","page","type-page","status-publish","hentry"],"yoast_head":"<!-- This site is optimized with the Yoast SEO plugin v25.6 - https:\/\/yoast.com\/wordpress\/plugins\/seo\/ -->\n<title>ON EST QUI - Italy Travels<\/title>\n<meta name=\"robots\" content=\"index, follow, max-snippet:-1, max-image-preview:large, max-video-preview:-1\" \/>\n<link rel=\"canonical\" href=\"https:\/\/www.italy-travels.it\/fr\/on-est-qui\/\" \/>\n<meta property=\"og:locale\" content=\"fr_FR\" \/>\n<meta property=\"og:type\" content=\"article\" \/>\n<meta property=\"og:title\" content=\"ON EST QUI - Italy Travels\" \/>\n<meta property=\"og:description\" content=\"ITALY TRAVELS Italy Travels est un Tour operatorr autoris\u00e9 par la Chambre de Commerce de Florence, num\u00e9ro de P.Iva. 06134820486, enregistrement n. FI 303283, d\u2019apr\u00e8s les lois et les normes italiennes et europ\u00e9ennes. Italy Travels offre: des centaines d\u2019itin\u00e9raires incluses les visites culturelles et un vaste choix d\u2019excursions en plus; diff\u00e9rents types de voyages et [&hellip;]\" \/>\n<meta property=\"og:url\" content=\"https:\/\/www.italy-travels.it\/fr\/on-est-qui\/\" \/>\n<meta property=\"og:site_name\" content=\"Italy Travels\" \/>\n<meta property=\"article:modified_time\" content=\"2020-03-03T08:33:31+00:00\" \/>\n<meta name=\"twitter:card\" content=\"summary_large_image\" \/>\n<meta name=\"twitter:label1\" content=\"Dur\u00e9e de lecture estim\u00e9e\" \/>\n\t<meta name=\"twitter:data1\" content=\"6 minutes\" \/>\n<script type=\"application\/ld+json\" class=\"yoast-schema-graph\">{\"@context\":\"https:\/\/schema.org\",\"@graph\":[{\"@type\":\"WebPage\",\"@id\":\"https:\/\/www.italy-travels.it\/fr\/on-est-qui\/\",\"url\":\"https:\/\/www.italy-travels.it\/fr\/on-est-qui\/\",\"name\":\"ON EST QUI - Italy Travels\",\"isPartOf\":{\"@id\":\"https:\/\/www.italy-travels.it\/fr\/#website\"},\"datePublished\":\"2018-02-19T17:17:32+00:00\",\"dateModified\":\"2020-03-03T08:33:31+00:00\",\"breadcrumb\":{\"@id\":\"https:\/\/www.italy-travels.it\/fr\/on-est-qui\/#breadcrumb\"},\"inLanguage\":\"fr-FR\",\"potentialAction\":[{\"@type\":\"ReadAction\",\"target\":[\"https:\/\/www.italy-travels.it\/fr\/on-est-qui\/\"]}]},{\"@type\":\"BreadcrumbList\",\"@id\":\"https:\/\/www.italy-travels.it\/fr\/on-est-qui\/#breadcrumb\",\"itemListElement\":[{\"@type\":\"ListItem\",\"position\":1,\"name\":\"Home\",\"item\":\"https:\/\/www.italy-travels.it\/fr\/\"},{\"@type\":\"ListItem\",\"position\":2,\"name\":\"ON EST QUI\"}]},{\"@type\":\"WebSite\",\"@id\":\"https:\/\/www.italy-travels.it\/fr\/#website\",\"url\":\"https:\/\/www.italy-travels.it\/fr\/\",\"name\":\"Italy Travels\",\"description\":\"Tour operatorr\",\"potentialAction\":[{\"@type\":\"SearchAction\",\"target\":{\"@type\":\"EntryPoint\",\"urlTemplate\":\"https:\/\/www.italy-travels.it\/fr\/?s={search_term_string}\"},\"query-input\":{\"@type\":\"PropertyValueSpecification\",\"valueRequired\":true,\"valueName\":\"search_term_string\"}}],\"inLanguage\":\"fr-FR\"}]}<\/script>\n<!-- \/ Yoast SEO plugin. -->","yoast_head_json":{"title":"ON EST QUI - Italy Travels","robots":{"index":"index","follow":"follow","max-snippet":"max-snippet:-1","max-image-preview":"max-image-preview:large","max-video-preview":"max-video-preview:-1"},"canonical":"https:\/\/www.italy-travels.it\/fr\/on-est-qui\/","og_locale":"fr_FR","og_type":"article","og_title":"ON EST QUI - Italy Travels","og_description":"ITALY TRAVELS Italy Travels est un Tour operatorr autoris\u00e9 par la Chambre de Commerce de Florence, num\u00e9ro de P.Iva. 06134820486, enregistrement n. FI 303283, d\u2019apr\u00e8s les lois et les normes italiennes et europ\u00e9ennes. Italy Travels offre: des centaines d\u2019itin\u00e9raires incluses les visites culturelles et un vaste choix d\u2019excursions en plus; diff\u00e9rents types de voyages et [&hellip;]","og_url":"https:\/\/www.italy-travels.it\/fr\/on-est-qui\/","og_site_name":"Italy Travels","article_modified_time":"2020-03-03T08:33:31+00:00","twitter_card":"summary_large_image","twitter_misc":{"Dur\u00e9e de lecture estim\u00e9e":"6 minutes"},"schema":{"@context":"https:\/\/schema.org","@graph":[{"@type":"WebPage","@id":"https:\/\/www.italy-travels.it\/fr\/on-est-qui\/","url":"https:\/\/www.italy-travels.it\/fr\/on-est-qui\/","name":"ON EST QUI - Italy Travels","isPartOf":{"@id":"https:\/\/www.italy-travels.it\/fr\/#website"},"datePublished":"2018-02-19T17:17:32+00:00","dateModified":"2020-03-03T08:33:31+00:00","breadcrumb":{"@id":"https:\/\/www.italy-travels.it\/fr\/on-est-qui\/#breadcrumb"},"inLanguage":"fr-FR","potentialAction":[{"@type":"ReadAction","target":["https:\/\/www.italy-travels.it\/fr\/on-est-qui\/"]}]},{"@type":"BreadcrumbList","@id":"https:\/\/www.italy-travels.it\/fr\/on-est-qui\/#breadcrumb","itemListElement":[{"@type":"ListItem","position":1,"name":"Home","item":"https:\/\/www.italy-travels.it\/fr\/"},{"@type":"ListItem","position":2,"name":"ON EST QUI"}]},{"@type":"WebSite","@id":"https:\/\/www.italy-travels.it\/fr\/#website","url":"https:\/\/www.italy-travels.it\/fr\/","name":"Italy Travels","description":"Tour operatorr","potentialAction":[{"@type":"SearchAction","target":{"@type":"EntryPoint","urlTemplate":"https:\/\/www.italy-travels.it\/fr\/?s={search_term_string}"},"query-input":{"@type":"PropertyValueSpecification","valueRequired":true,"valueName":"search_term_string"}}],"inLanguage":"fr-FR"}]}},"_links":{"self":[{"href":"https:\/\/www.italy-travels.it\/fr\/wp-json\/wp\/v2\/pages\/1537"}],"collection":[{"href":"https:\/\/www.italy-travels.it\/fr\/wp-json\/wp\/v2\/pages"}],"about":[{"href":"https:\/\/www.italy-travels.it\/fr\/wp-json\/wp\/v2\/types\/page"}],"author":[{"embeddable":true,"href":"https:\/\/www.italy-travels.it\/fr\/wp-json\/wp\/v2\/users\/1"}],"replies":[{"embeddable":true,"href":"https:\/\/www.italy-travels.it\/fr\/wp-json\/wp\/v2\/comments?post=1537"}],"version-history":[{"count":9,"href":"https:\/\/www.italy-travels.it\/fr\/wp-json\/wp\/v2\/pages\/1537\/revisions"}],"predecessor-version":[{"id":5444,"href":"https:\/\/www.italy-travels.it\/fr\/wp-json\/wp\/v2\/pages\/1537\/revisions\/5444"}],"wp:attachment":[{"href":"https:\/\/www.italy-travels.it\/fr\/wp-json\/wp\/v2\/media?parent=1537"}],"curies":[{"name":"wp","href":"https:\/\/api.w.org\/{rel}","templated":true}]}}